{"id":86,"date":"2019-08-15T11:08:57","date_gmt":"2019-08-15T11:08:57","guid":{"rendered":"https:\/\/korosnagyharsany.reformatus.hu\/?page_id=86"},"modified":"2019-08-15T11:36:34","modified_gmt":"2019-08-15T11:36:34","slug":"tamogassa-gyulekezetunket","status":"publish","type":"page","link":"https:\/\/korosnagyharsany.reformatus.hu\/?page_id=86","title":{"rendered":"T\u00e1mogassa gy\u00fclekezet\u00fcnket"},"content":{"rendered":"\n<div class=\"wp-block-themeisle-blocks-advanced-columns has-1-columns has-desktop-equal-layout has-tablet-equal-layout has-mobile-equal-layout has-default-gap has-vertical-unset\" id=\"wp-block-themeisle-blocks-advanced-columns-07536f38\" style=\"border-width:0px;border-style:solid;border-color:#000000;border-radius:0px;justify-content:unset\"><div class=\"wp-themeisle-block-overlay\" style=\"opacity:0.5;mix-blend-mode:normal\"><\/div><div class=\"innerblocks-wrap\">\n<div class=\"wp-block-themeisle-blocks-advanced-column\" id=\"wp-block-themeisle-blocks-advanced-column-41f8fb69\" style=\"border-width:0px;border-style:solid;border-color:#000000;border-radius:0px\">\n<blockquote class=\"wp-block-quote is-layout-flow wp-block-quote-is-layout-flow\"><p>Tudjuk pedig, hogy aki sz\u0171ken vet, sz\u0171ken is arat, \u00e9s aki b\u0151ven vet, b\u0151ven is arat.\u00a0Mindenki \u00fagy adjon, ahogyan el\u0151re eld\u00f6nt\u00f6tte sz\u00edv\u00e9ben, ne kedvetlen\u00fcl vagy k\u00e9nyszer\u0171s\u00e9gb\u0151l, mert a j\u00f3kedv\u0171 adakoz\u00f3t szereti Isten.<\/p><p>2 Kor 9:6-7<\/p><\/blockquote>\n\n\n\n<figure class=\"wp-block-image\"><img loading=\"lazy\" decoding=\"async\" width=\"1024\" height=\"951\" src=\"https:\/\/korosnagyharsany.reformatus.hu\/wp-content\/uploads\/2019\/08\/penz-sziv-1024x951.jpeg\" alt=\"\" class=\"wp-image-99\" srcset=\"https:\/\/korosnagyharsany.reformatus.hu\/wp-content\/uploads\/2019\/08\/penz-sziv-1024x951.jpeg 1024w, https:\/\/korosnagyharsany.reformatus.hu\/wp-content\/uploads\/2019\/08\/penz-sziv-300x279.jpeg 300w, https:\/\/korosnagyharsany.reformatus.hu\/wp-content\/uploads\/2019\/08\/penz-sziv-768x713.jpeg 768w, https:\/\/korosnagyharsany.reformatus.hu\/wp-content\/uploads\/2019\/08\/penz-sziv.jpeg 1294w\" sizes=\"auto, (max-width: 1024px) 100vw, 1024px\" \/><figcaption>Free picture (Heart of money) from https:\/\/torange.biz\/heart-money-16739<\/figcaption><\/figure>\n\n\n\n<p><strong>K\u00f6r\u00f6snagyhars\u00e1nyi Reform\u00e1tus Egyh\u00e1zk\u00f6zs\u00e9g<br>Sz\u00e1mlasz\u00e1m: 54000100-10000128<br>B\u00e9k\u00e9s Takar\u00e9k Sz\u00f6vetkezet<\/strong><\/p>\n<\/div>\n<\/div><\/div>\n","protected":false},"excerpt":{"rendered":"","protected":false},"author":1,"featured_media":87,"parent":0,"menu_order":0,"comment_status":"closed","ping_status":"closed","template":"","meta":{"footnotes":""},"class_list":["post-86","page","type-page","status-publish","has-post-thumbnail","hentry"],"_links":{"self":[{"href":"https:\/\/korosnagyharsany.reformatus.hu\/index.php?rest_route=\/wp\/v2\/pages\/86","targetHints":{"allow":["GET"]}}],"collection":[{"href":"https:\/\/korosnagyharsany.reformatus.hu\/index.php?rest_route=\/wp\/v2\/pages"}],"about":[{"href":"https:\/\/korosnagyharsany.reformatus.hu\/index.php?rest_route=\/wp\/v2\/types\/page"}],"author":[{"embeddable":true,"href":"https:\/\/korosnagyharsany.reformatus.hu\/index.php?rest_route=\/wp\/v2\/users\/1"}],"replies":[{"embeddable":true,"href":"https:\/\/korosnagyharsany.reformatus.hu\/index.php?rest_route=%2Fwp%2Fv2%2Fcomments&post=86"}],"version-history":[{"count":5,"href":"https:\/\/korosnagyharsany.reformatus.hu\/index.php?rest_route=\/wp\/v2\/pages\/86\/revisions"}],"predecessor-version":[{"id":101,"href":"https:\/\/korosnagyharsany.reformatus.hu\/index.php?rest_route=\/wp\/v2\/pages\/86\/revisions\/101"}],"wp:featuredmedia":[{"embeddable":true,"href":"https:\/\/korosnagyharsany.reformatus.hu\/index.php?rest_route=\/wp\/v2\/media\/87"}],"wp:attachment":[{"href":"https:\/\/korosnagyharsany.reformatus.hu\/index.php?rest_route=%2Fwp%2Fv2%2Fmedia&parent=86"}],"curies":[{"name":"wp","href":"https:\/\/api.w.org\/{rel}","templated":true}]}}