{"id":103,"date":"2019-08-15T12:04:43","date_gmt":"2019-08-15T12:04:43","guid":{"rendered":"https:\/\/korosnagyharsany.reformatus.hu\/?page_id=103"},"modified":"2020-07-03T11:58:11","modified_gmt":"2020-07-03T11:58:11","slug":"efop-1-3-7-17","status":"publish","type":"page","link":"https:\/\/korosnagyharsany.reformatus.hu\/?page_id=103","title":{"rendered":"EFOP 1.3.7-17"},"content":{"rendered":"\n<div class=\"wp-block-themeisle-blocks-advanced-columns has-3-columns has-desktop-equal-layout has-tablet-equal-layout has-mobile-collapsedRows-layout has-default-gap has-vertical-unset\" id=\"wp-block-themeisle-blocks-advanced-columns-b4d1a242\"><div class=\"wp-block-themeisle-blocks-advanced-columns-overlay\"><\/div><div class=\"innerblocks-wrap\">\n<div class=\"wp-block-themeisle-blocks-advanced-column\" id=\"wp-block-themeisle-blocks-advanced-column-8c26421a\">\n<p><img loading=\"lazy\" decoding=\"async\" width=\"150\" height=\"93\" class=\"wp-image-107\" style=\"width: 150px;\" src=\"https:\/\/korosnagyharsany.reformatus.hu\/wp-content\/uploads\/2019\/08\/plans.png\" alt=\"\" srcset=\"https:\/\/korosnagyharsany.reformatus.hu\/wp-content\/uploads\/2019\/08\/plans.png 704w, https:\/\/korosnagyharsany.reformatus.hu\/wp-content\/uploads\/2019\/08\/plans-300x185.png 300w\" sizes=\"auto, (max-width: 150px) 100vw, 150px\" \/><\/p>\n\n\n\n<p><strong>Tervek<\/strong><\/p>\n\n\n\n<p>Terveink szerint, a k\u00f6vetkez\u0151 24 h\u00f3napban olyan alkalmakat szervez\u00fcnk melyek megmutatj\u00e1k egy\u00fctt jobbak vagyunk.<\/p>\n<\/div>\n\n\n\n<div class=\"wp-block-themeisle-blocks-advanced-column\" id=\"wp-block-themeisle-blocks-advanced-column-10531e93\">\n<figure class=\"wp-block-image\"><img loading=\"lazy\" decoding=\"async\" width=\"1024\" height=\"576\" src=\"https:\/\/korosnagyharsany.reformatus.hu\/wp-content\/uploads\/2019\/08\/events-1024x576.jpg\" alt=\"\" class=\"wp-image-108\" srcset=\"https:\/\/korosnagyharsany.reformatus.hu\/wp-content\/uploads\/2019\/08\/events-1024x576.jpg 1024w, https:\/\/korosnagyharsany.reformatus.hu\/wp-content\/uploads\/2019\/08\/events-300x169.jpg 300w, https:\/\/korosnagyharsany.reformatus.hu\/wp-content\/uploads\/2019\/08\/events-768x432.jpg 768w, https:\/\/korosnagyharsany.reformatus.hu\/wp-content\/uploads\/2019\/08\/events.jpg 1280w\" sizes=\"auto, (max-width: 1024px) 100vw, 1024px\" \/><\/figure>\n\n\n\n<p><strong>Esem\u00e9nyek<\/strong><\/p>\n\n\n\n<p>Hetente, k\u00e9thetente tartunk olyan alkalmakat, amelyeken jobban megismerhetj\u00fck egym\u00e1st.<\/p>\n<\/div>\n\n\n\n<div class=\"wp-block-themeisle-blocks-advanced-column\" id=\"wp-block-themeisle-blocks-advanced-column-aaa8c2e6\">\n<figure class=\"wp-block-image\"><img loading=\"lazy\" decoding=\"async\" width=\"500\" height=\"406\" src=\"https:\/\/korosnagyharsany.reformatus.hu\/wp-content\/uploads\/2019\/08\/results.png\" alt=\"\" class=\"wp-image-109\" srcset=\"https:\/\/korosnagyharsany.reformatus.hu\/wp-content\/uploads\/2019\/08\/results.png 500w, https:\/\/korosnagyharsany.reformatus.hu\/wp-content\/uploads\/2019\/08\/results-300x244.png 300w\" sizes=\"auto, (max-width: 500px) 100vw, 500px\" \/><\/figure>\n\n\n\n<p><strong>Hozad\u00e9k<\/strong><\/p>\n\n\n\n<p>Nem csak egym\u00e1s mellett, de egy\u00fctt \u00e9le\u00fcnk majd falunkban.<\/p>\n<\/div>\n<\/div><\/div>\n","protected":false},"excerpt":{"rendered":"","protected":false},"author":1,"featured_media":104,"parent":0,"menu_order":0,"comment_status":"closed","ping_status":"closed","template":"","meta":{"footnotes":""},"class_list":["post-103","page","type-page","status-publish","has-post-thumbnail","hentry"],"_links":{"self":[{"href":"https:\/\/korosnagyharsany.reformatus.hu\/index.php?rest_route=\/wp\/v2\/pages\/103","targetHints":{"allow":["GET"]}}],"collection":[{"href":"https:\/\/korosnagyharsany.reformatus.hu\/index.php?rest_route=\/wp\/v2\/pages"}],"about":[{"href":"https:\/\/korosnagyharsany.reformatus.hu\/index.php?rest_route=\/wp\/v2\/types\/page"}],"author":[{"embeddable":true,"href":"https:\/\/korosnagyharsany.reformatus.hu\/index.php?rest_route=\/wp\/v2\/users\/1"}],"replies":[{"embeddable":true,"href":"https:\/\/korosnagyharsany.reformatus.hu\/index.php?rest_route=%2Fwp%2Fv2%2Fcomments&post=103"}],"version-history":[{"count":5,"href":"https:\/\/korosnagyharsany.reformatus.hu\/index.php?rest_route=\/wp\/v2\/pages\/103\/revisions"}],"predecessor-version":[{"id":144,"href":"https:\/\/korosnagyharsany.reformatus.hu\/index.php?rest_route=\/wp\/v2\/pages\/103\/revisions\/144"}],"wp:featuredmedia":[{"embeddable":true,"href":"https:\/\/korosnagyharsany.reformatus.hu\/index.php?rest_route=\/wp\/v2\/media\/104"}],"wp:attachment":[{"href":"https:\/\/korosnagyharsany.reformatus.hu\/index.php?rest_route=%2Fwp%2Fv2%2Fmedia&parent=103"}],"curies":[{"name":"wp","href":"https:\/\/api.w.org\/{rel}","templated":true}]}}