{"id":10,"date":"2019-08-15T08:29:57","date_gmt":"2019-08-15T08:29:57","guid":{"rendered":"https:\/\/korosnagyharsany.reformatus.hu\/?page_id=10"},"modified":"2019-08-15T10:24:18","modified_gmt":"2019-08-15T10:24:18","slug":"kezdolap","status":"publish","type":"page","link":"https:\/\/korosnagyharsany.reformatus.hu\/","title":{"rendered":"Kezd\u0151lap"},"content":{"rendered":"<div class=\"col-md-5\">\n<h3>EFOP 1.3.7-17 p\u00e1ly\u00e1zat<\/h3>\n<p>Gy\u00fclekezet\u00fcnk \u00e9s telep\u00fcl\u00e9s\u00fcnk revitaliz\u00e1ci\u00f3ja \u00e9rdek\u00e9ben szervezett programjaink<\/p>\n<\/div>\n<div class=\"col-md-6 col-md-offset-1\"><img decoding=\"async\" class=\"size-medium alignright\" src=\"https:\/\/korosnagyharsany.reformatus.hu\/wp-content\/themes\/hestia\/assets\/img\/about-content.png\" \/><\/div>\n","protected":false},"excerpt":{"rendered":"<p>EFOP 1.3.7-17 p\u00e1ly\u00e1zat Gy\u00fclekezet\u00fcnk \u00e9s telep\u00fcl\u00e9s\u00fcnk revitaliz\u00e1ci\u00f3ja \u00e9rdek\u00e9ben szervezett programjaink<\/p>\n","protected":false},"author":1,"featured_media":66,"parent":0,"menu_order":0,"comment_status":"closed","ping_status":"closed","template":"","meta":{"footnotes":""},"class_list":["post-10","page","type-page","status-publish","has-post-thumbnail","hentry"],"_links":{"self":[{"href":"https:\/\/korosnagyharsany.reformatus.hu\/index.php?rest_route=\/wp\/v2\/pages\/10","targetHints":{"allow":["GET"]}}],"collection":[{"href":"https:\/\/korosnagyharsany.reformatus.hu\/index.php?rest_route=\/wp\/v2\/pages"}],"about":[{"href":"https:\/\/korosnagyharsany.reformatus.hu\/index.php?rest_route=\/wp\/v2\/types\/page"}],"author":[{"embeddable":true,"href":"https:\/\/korosnagyharsany.reformatus.hu\/index.php?rest_route=\/wp\/v2\/users\/1"}],"replies":[{"embeddable":true,"href":"https:\/\/korosnagyharsany.reformatus.hu\/index.php?rest_route=%2Fwp%2Fv2%2Fcomments&post=10"}],"version-history":[{"count":2,"href":"https:\/\/korosnagyharsany.reformatus.hu\/index.php?rest_route=\/wp\/v2\/pages\/10\/revisions"}],"predecessor-version":[{"id":65,"href":"https:\/\/korosnagyharsany.reformatus.hu\/index.php?rest_route=\/wp\/v2\/pages\/10\/revisions\/65"}],"wp:featuredmedia":[{"embeddable":true,"href":"https:\/\/korosnagyharsany.reformatus.hu\/index.php?rest_route=\/wp\/v2\/media\/66"}],"wp:attachment":[{"href":"https:\/\/korosnagyharsany.reformatus.hu\/index.php?rest_route=%2Fwp%2Fv2%2Fmedia&parent=10"}],"curies":[{"name":"wp","href":"https:\/\/api.w.org\/{rel}","templated":true}]}}